{"id":25,"date":"2020-07-27T20:20:53","date_gmt":"2020-07-27T18:20:53","guid":{"rendered":"https:\/\/www.jng-web.com\/annuaire\/gdpr-rgpd-demande-de-donnees-personnelles\/"},"modified":"2023-04-20T15:53:17","modified_gmt":"2023-04-20T13:53:17","slug":"gdpr-rgpd-demande-de-donnees-personnelles","status":"publish","type":"page","link":"https:\/\/www.jng-web.com\/annuaire\/gdpr-rgpd-demande-de-donnees-personnelles\/","title":{"rendered":"GDPR\/RGPD &#8211; Demande de donn\u00e9es personnelles"},"content":{"rendered":"    <form method=\"post\">\n\t\tE-mail:<br>\n        <input type=\"email\" name=\"email\" required>\n        <br><br>\n        <input type=\"checkbox\" name=\"checkbox_gdpr\" id=\"checkbox_gdpr\" required>\n        <label for=\"checkbox_gdpr\">\n\t\t\tJe consens \u00e0 ce queAnnuaire JNG WEB collecte mon email afin qu'il puisse m'envoyer les informations demand\u00e9es.\n            Pour plus d'informations, consultez notre politique de confidentialit\u00e9 o\u00f9 vous obtiendrez plus d'informations sur o\u00f9, comment et pourquoi nous stockons vos donn\u00e9es.        <\/label>\n        <br><br>\n        <input type=\"hidden\" name=\"gdpr_translation\" value=\"fr\">\n        <input type=\"hidden\" name=\"mail_action\" value=\"gdpr\">\n        <input type=\"submit\" name=\"gdpr_req\" value=\"Valider\">\n    <\/form>\n\n\n\n","protected":false},"excerpt":{"rendered":"","protected":false},"author":1,"featured_media":0,"parent":0,"menu_order":0,"comment_status":"closed","ping_status":"closed","template":"","meta":{"_exactmetrics_skip_tracking":false,"_exactmetrics_sitenote_active":false,"_exactmetrics_sitenote_note":"","_exactmetrics_sitenote_category":0,"footnotes":""},"class_list":["post-25","page","type-page","status-publish","hentry"],"yoast_head":"<!-- This site is optimized with the Yoast SEO plugin v27.3 - https:\/\/yoast.com\/product\/yoast-seo-wordpress\/ -->\n<title>GDPR\/RGPD - Demande de donn\u00e9es personnelles - Annuaire JNG WEB<\/title>\n<meta name=\"robots\" content=\"index, follow, max-snippet:-1, max-image-preview:large, max-video-preview:-1\" \/>\n<link rel=\"canonical\" href=\"https:\/\/www.jng-web.com\/annuaire\/gdpr-rgpd-demande-de-donnees-personnelles\/\" \/>\n<meta property=\"og:locale\" content=\"fr_FR\" \/>\n<meta property=\"og:type\" content=\"article\" \/>\n<meta property=\"og:title\" content=\"GDPR\/RGPD - Demande de donn\u00e9es personnelles - Annuaire JNG WEB\" \/>\n<meta property=\"og:url\" content=\"https:\/\/www.jng-web.com\/annuaire\/gdpr-rgpd-demande-de-donnees-personnelles\/\" \/>\n<meta property=\"og:site_name\" content=\"Annuaire JNG WEB\" \/>\n<meta property=\"article:modified_time\" content=\"2023-04-20T13:53:17+00:00\" \/>\n<meta name=\"twitter:card\" content=\"summary_large_image\" \/>\n<meta name=\"twitter:label1\" content=\"Dur\u00e9e de lecture estim\u00e9e\" \/>\n\t<meta name=\"twitter:data1\" content=\"1 minute\" \/>\n<script type=\"application\/ld+json\" class=\"yoast-schema-graph\">{\"@context\":\"https:\\\/\\\/schema.org\",\"@graph\":[{\"@type\":\"WebPage\",\"@id\":\"https:\\\/\\\/www.jng-web.com\\\/annuaire\\\/gdpr-rgpd-demande-de-donnees-personnelles\\\/\",\"url\":\"https:\\\/\\\/www.jng-web.com\\\/annuaire\\\/gdpr-rgpd-demande-de-donnees-personnelles\\\/\",\"name\":\"GDPR\\\/RGPD - Demande de donn\u00e9es personnelles - Annuaire JNG WEB\",\"isPartOf\":{\"@id\":\"https:\\\/\\\/www.jng-web.com\\\/annuaire\\\/#website\"},\"datePublished\":\"2020-07-27T18:20:53+00:00\",\"dateModified\":\"2023-04-20T13:53:17+00:00\",\"breadcrumb\":{\"@id\":\"https:\\\/\\\/www.jng-web.com\\\/annuaire\\\/gdpr-rgpd-demande-de-donnees-personnelles\\\/#breadcrumb\"},\"inLanguage\":\"fr-FR\",\"potentialAction\":[{\"@type\":\"ReadAction\",\"target\":[\"https:\\\/\\\/www.jng-web.com\\\/annuaire\\\/gdpr-rgpd-demande-de-donnees-personnelles\\\/\"]}]},{\"@type\":\"BreadcrumbList\",\"@id\":\"https:\\\/\\\/www.jng-web.com\\\/annuaire\\\/gdpr-rgpd-demande-de-donnees-personnelles\\\/#breadcrumb\",\"itemListElement\":[{\"@type\":\"ListItem\",\"position\":1,\"name\":\"Accueil\",\"item\":\"https:\\\/\\\/www.jng-web.com\\\/annuaire\\\/\"},{\"@type\":\"ListItem\",\"position\":2,\"name\":\"GDPR\\\/RGPD &#8211; Demande de donn\u00e9es personnelles\"}]},{\"@type\":\"WebSite\",\"@id\":\"https:\\\/\\\/www.jng-web.com\\\/annuaire\\\/#website\",\"url\":\"https:\\\/\\\/www.jng-web.com\\\/annuaire\\\/\",\"name\":\"Annuaire JNG WEB\",\"description\":\"Annuaire g\u00e9n\u00e9raliste de sites internet\",\"potentialAction\":[{\"@type\":\"SearchAction\",\"target\":{\"@type\":\"EntryPoint\",\"urlTemplate\":\"https:\\\/\\\/www.jng-web.com\\\/annuaire\\\/?s={search_term_string}\"},\"query-input\":{\"@type\":\"PropertyValueSpecification\",\"valueRequired\":true,\"valueName\":\"search_term_string\"}}],\"inLanguage\":\"fr-FR\"}]}<\/script>\n<!-- \/ Yoast SEO plugin. -->","yoast_head_json":{"title":"GDPR\/RGPD - Demande de donn\u00e9es personnelles - Annuaire JNG WEB","robots":{"index":"index","follow":"follow","max-snippet":"max-snippet:-1","max-image-preview":"max-image-preview:large","max-video-preview":"max-video-preview:-1"},"canonical":"https:\/\/www.jng-web.com\/annuaire\/gdpr-rgpd-demande-de-donnees-personnelles\/","og_locale":"fr_FR","og_type":"article","og_title":"GDPR\/RGPD - Demande de donn\u00e9es personnelles - Annuaire JNG WEB","og_url":"https:\/\/www.jng-web.com\/annuaire\/gdpr-rgpd-demande-de-donnees-personnelles\/","og_site_name":"Annuaire JNG WEB","article_modified_time":"2023-04-20T13:53:17+00:00","twitter_card":"summary_large_image","twitter_misc":{"Dur\u00e9e de lecture estim\u00e9e":"1 minute"},"schema":{"@context":"https:\/\/schema.org","@graph":[{"@type":"WebPage","@id":"https:\/\/www.jng-web.com\/annuaire\/gdpr-rgpd-demande-de-donnees-personnelles\/","url":"https:\/\/www.jng-web.com\/annuaire\/gdpr-rgpd-demande-de-donnees-personnelles\/","name":"GDPR\/RGPD - Demande de donn\u00e9es personnelles - Annuaire JNG WEB","isPartOf":{"@id":"https:\/\/www.jng-web.com\/annuaire\/#website"},"datePublished":"2020-07-27T18:20:53+00:00","dateModified":"2023-04-20T13:53:17+00:00","breadcrumb":{"@id":"https:\/\/www.jng-web.com\/annuaire\/gdpr-rgpd-demande-de-donnees-personnelles\/#breadcrumb"},"inLanguage":"fr-FR","potentialAction":[{"@type":"ReadAction","target":["https:\/\/www.jng-web.com\/annuaire\/gdpr-rgpd-demande-de-donnees-personnelles\/"]}]},{"@type":"BreadcrumbList","@id":"https:\/\/www.jng-web.com\/annuaire\/gdpr-rgpd-demande-de-donnees-personnelles\/#breadcrumb","itemListElement":[{"@type":"ListItem","position":1,"name":"Accueil","item":"https:\/\/www.jng-web.com\/annuaire\/"},{"@type":"ListItem","position":2,"name":"GDPR\/RGPD &#8211; Demande de donn\u00e9es personnelles"}]},{"@type":"WebSite","@id":"https:\/\/www.jng-web.com\/annuaire\/#website","url":"https:\/\/www.jng-web.com\/annuaire\/","name":"Annuaire JNG WEB","description":"Annuaire g\u00e9n\u00e9raliste de sites internet","potentialAction":[{"@type":"SearchAction","target":{"@type":"EntryPoint","urlTemplate":"https:\/\/www.jng-web.com\/annuaire\/?s={search_term_string}"},"query-input":{"@type":"PropertyValueSpecification","valueRequired":true,"valueName":"search_term_string"}}],"inLanguage":"fr-FR"}]}},"_links":{"self":[{"href":"https:\/\/www.jng-web.com\/annuaire\/wp-json\/wp\/v2\/pages\/25","targetHints":{"allow":["GET"]}}],"collection":[{"href":"https:\/\/www.jng-web.com\/annuaire\/wp-json\/wp\/v2\/pages"}],"about":[{"href":"https:\/\/www.jng-web.com\/annuaire\/wp-json\/wp\/v2\/types\/page"}],"author":[{"embeddable":true,"href":"https:\/\/www.jng-web.com\/annuaire\/wp-json\/wp\/v2\/users\/1"}],"replies":[{"embeddable":true,"href":"https:\/\/www.jng-web.com\/annuaire\/wp-json\/wp\/v2\/comments?post=25"}],"version-history":[{"count":1,"href":"https:\/\/www.jng-web.com\/annuaire\/wp-json\/wp\/v2\/pages\/25\/revisions"}],"predecessor-version":[{"id":698922,"href":"https:\/\/www.jng-web.com\/annuaire\/wp-json\/wp\/v2\/pages\/25\/revisions\/698922"}],"wp:attachment":[{"href":"https:\/\/www.jng-web.com\/annuaire\/wp-json\/wp\/v2\/media?parent=25"}],"curies":[{"name":"wp","href":"https:\/\/api.w.org\/{rel}","templated":true}]}}