{"id":65,"date":"2021-03-03T19:13:12","date_gmt":"2021-03-03T18:13:12","guid":{"rendered":"https:\/\/www.jng-web.com\/ref-auto\/gdpr-rgpd-demande-de-donnees-personnelles\/"},"modified":"2021-03-03T19:13:12","modified_gmt":"2021-03-03T18:13:12","slug":"gdpr-rgpd-demande-de-donnees-personnelles","status":"publish","type":"page","link":"https:\/\/www.jng-web.com\/ref-auto\/gdpr-rgpd-demande-de-donnees-personnelles\/","title":{"rendered":"GDPR\/RGPD &#8211; Demande de donn\u00e9es personnelles"},"content":{"rendered":"<div id=\"6729917897\" class=\"advads-pub advads-entity-placement\"><script async src=\"https:\/\/pagead2.googlesyndication.com\/pagead\/js\/adsbygoogle.js?client=ca-pub-4944504088214075\"\r\n     crossorigin=\"anonymous\"><\/script><\/div>    <form method=\"post\">\n\t\tE-mail:<br>\n        <input type=\"email\" name=\"email\" required>\n        <br><br>\n        <input type=\"checkbox\" name=\"checkbox_gdpr\" id=\"checkbox_gdpr\" required>\n        <label for=\"checkbox_gdpr\">\n\t\t\tJe consens \u00e0 ce queOptannu collecte mon email afin qu'il puisse m'envoyer les informations demand\u00e9es.\n            Pour plus d'informations, consultez notre politique de confidentialit\u00e9 o\u00f9 vous obtiendrez plus d'informations sur o\u00f9, comment et pourquoi nous stockons vos donn\u00e9es.        <\/label>\n        <br><br>\n        <input type=\"hidden\" name=\"gdpr_translation\" value=\"fr\">\n        <input type=\"hidden\" name=\"mail_action\" value=\"gdpr\">\n        <input type=\"submit\" name=\"gdpr_req\" value=\"Valider\">\n    <\/form>\n\n\n\n","protected":false},"excerpt":{"rendered":"","protected":false},"author":1,"featured_media":0,"parent":0,"menu_order":0,"comment_status":"closed","ping_status":"closed","template":"","meta":{"rop_custom_images_group":[],"rop_custom_messages_group":[],"rop_publish_now":"initial","rop_publish_now_accounts":{"facebook_2944925605560295_361066357320011":"","twitter_792688215148855296_792688215148855296":""},"rop_publish_now_history":[],"rop_publish_now_status":"pending","footnotes":""},"class_list":["post-65","page","type-page","status-publish","hentry"],"yoast_head":"<!-- This site is optimized with the Yoast SEO plugin v27.4 - https:\/\/yoast.com\/product\/yoast-seo-wordpress\/ -->\n<title>GDPR\/RGPD - Demande de donn\u00e9es personnelles - Optannu<\/title>\n<meta name=\"robots\" content=\"index, follow, max-snippet:-1, max-image-preview:large, max-video-preview:-1\" \/>\n<link rel=\"canonical\" href=\"https:\/\/www.jng-web.com\/ref-auto\/gdpr-rgpd-demande-de-donnees-personnelles\/\" \/>\n<meta property=\"og:locale\" content=\"fr_FR\" \/>\n<meta property=\"og:type\" content=\"article\" \/>\n<meta property=\"og:title\" content=\"GDPR\/RGPD - Demande de donn\u00e9es personnelles - Optannu\" \/>\n<meta property=\"og:url\" content=\"https:\/\/www.jng-web.com\/ref-auto\/gdpr-rgpd-demande-de-donnees-personnelles\/\" \/>\n<meta property=\"og:site_name\" content=\"Optannu\" \/>\n<meta name=\"twitter:card\" content=\"summary_large_image\" \/>\n<script type=\"application\/ld+json\" class=\"yoast-schema-graph\">{\"@context\":\"https:\\\/\\\/schema.org\",\"@graph\":[{\"@type\":\"WebPage\",\"@id\":\"https:\\\/\\\/www.jng-web.com\\\/ref-auto\\\/gdpr-rgpd-demande-de-donnees-personnelles\\\/\",\"url\":\"https:\\\/\\\/www.jng-web.com\\\/ref-auto\\\/gdpr-rgpd-demande-de-donnees-personnelles\\\/\",\"name\":\"GDPR\\\/RGPD - Demande de donn\u00e9es personnelles - Optannu\",\"isPartOf\":{\"@id\":\"https:\\\/\\\/www.jng-web.com\\\/ref-auto\\\/#website\"},\"datePublished\":\"2021-03-03T18:13:12+00:00\",\"breadcrumb\":{\"@id\":\"https:\\\/\\\/www.jng-web.com\\\/ref-auto\\\/gdpr-rgpd-demande-de-donnees-personnelles\\\/#breadcrumb\"},\"inLanguage\":\"fr-FR\",\"potentialAction\":[{\"@type\":\"ReadAction\",\"target\":[\"https:\\\/\\\/www.jng-web.com\\\/ref-auto\\\/gdpr-rgpd-demande-de-donnees-personnelles\\\/\"]}]},{\"@type\":\"BreadcrumbList\",\"@id\":\"https:\\\/\\\/www.jng-web.com\\\/ref-auto\\\/gdpr-rgpd-demande-de-donnees-personnelles\\\/#breadcrumb\",\"itemListElement\":[{\"@type\":\"ListItem\",\"position\":1,\"name\":\"Annuaire g\u00e9n\u00e9raliste gratuit\",\"item\":\"https:\\\/\\\/www.jng-web.com\\\/ref-auto\\\/\"},{\"@type\":\"ListItem\",\"position\":2,\"name\":\"GDPR\\\/RGPD &#8211; Demande de donn\u00e9es personnelles\"}]},{\"@type\":\"WebSite\",\"@id\":\"https:\\\/\\\/www.jng-web.com\\\/ref-auto\\\/#website\",\"url\":\"https:\\\/\\\/www.jng-web.com\\\/ref-auto\\\/\",\"name\":\"Optannu\",\"description\":\"Guest Blogging : Publier gratuitement vos articles et booster votre r\u00e9f\u00e9rencement !\",\"potentialAction\":[{\"@type\":\"SearchAction\",\"target\":{\"@type\":\"EntryPoint\",\"urlTemplate\":\"https:\\\/\\\/www.jng-web.com\\\/ref-auto\\\/?s={search_term_string}\"},\"query-input\":{\"@type\":\"PropertyValueSpecification\",\"valueRequired\":true,\"valueName\":\"search_term_string\"}}],\"inLanguage\":\"fr-FR\"}]}<\/script>\n<!-- \/ Yoast SEO plugin. -->","yoast_head_json":{"title":"GDPR\/RGPD - Demande de donn\u00e9es personnelles - Optannu","robots":{"index":"index","follow":"follow","max-snippet":"max-snippet:-1","max-image-preview":"max-image-preview:large","max-video-preview":"max-video-preview:-1"},"canonical":"https:\/\/www.jng-web.com\/ref-auto\/gdpr-rgpd-demande-de-donnees-personnelles\/","og_locale":"fr_FR","og_type":"article","og_title":"GDPR\/RGPD - Demande de donn\u00e9es personnelles - Optannu","og_url":"https:\/\/www.jng-web.com\/ref-auto\/gdpr-rgpd-demande-de-donnees-personnelles\/","og_site_name":"Optannu","twitter_card":"summary_large_image","schema":{"@context":"https:\/\/schema.org","@graph":[{"@type":"WebPage","@id":"https:\/\/www.jng-web.com\/ref-auto\/gdpr-rgpd-demande-de-donnees-personnelles\/","url":"https:\/\/www.jng-web.com\/ref-auto\/gdpr-rgpd-demande-de-donnees-personnelles\/","name":"GDPR\/RGPD - Demande de donn\u00e9es personnelles - Optannu","isPartOf":{"@id":"https:\/\/www.jng-web.com\/ref-auto\/#website"},"datePublished":"2021-03-03T18:13:12+00:00","breadcrumb":{"@id":"https:\/\/www.jng-web.com\/ref-auto\/gdpr-rgpd-demande-de-donnees-personnelles\/#breadcrumb"},"inLanguage":"fr-FR","potentialAction":[{"@type":"ReadAction","target":["https:\/\/www.jng-web.com\/ref-auto\/gdpr-rgpd-demande-de-donnees-personnelles\/"]}]},{"@type":"BreadcrumbList","@id":"https:\/\/www.jng-web.com\/ref-auto\/gdpr-rgpd-demande-de-donnees-personnelles\/#breadcrumb","itemListElement":[{"@type":"ListItem","position":1,"name":"Annuaire g\u00e9n\u00e9raliste gratuit","item":"https:\/\/www.jng-web.com\/ref-auto\/"},{"@type":"ListItem","position":2,"name":"GDPR\/RGPD &#8211; Demande de donn\u00e9es personnelles"}]},{"@type":"WebSite","@id":"https:\/\/www.jng-web.com\/ref-auto\/#website","url":"https:\/\/www.jng-web.com\/ref-auto\/","name":"Optannu","description":"Guest Blogging : Publier gratuitement vos articles et booster votre r\u00e9f\u00e9rencement !","potentialAction":[{"@type":"SearchAction","target":{"@type":"EntryPoint","urlTemplate":"https:\/\/www.jng-web.com\/ref-auto\/?s={search_term_string}"},"query-input":{"@type":"PropertyValueSpecification","valueRequired":true,"valueName":"search_term_string"}}],"inLanguage":"fr-FR"}]}},"_links":{"self":[{"href":"https:\/\/www.jng-web.com\/ref-auto\/wp-json\/wp\/v2\/pages\/65","targetHints":{"allow":["GET"]}}],"collection":[{"href":"https:\/\/www.jng-web.com\/ref-auto\/wp-json\/wp\/v2\/pages"}],"about":[{"href":"https:\/\/www.jng-web.com\/ref-auto\/wp-json\/wp\/v2\/types\/page"}],"author":[{"embeddable":true,"href":"https:\/\/www.jng-web.com\/ref-auto\/wp-json\/wp\/v2\/users\/1"}],"replies":[{"embeddable":true,"href":"https:\/\/www.jng-web.com\/ref-auto\/wp-json\/wp\/v2\/comments?post=65"}],"version-history":[{"count":0,"href":"https:\/\/www.jng-web.com\/ref-auto\/wp-json\/wp\/v2\/pages\/65\/revisions"}],"wp:attachment":[{"href":"https:\/\/www.jng-web.com\/ref-auto\/wp-json\/wp\/v2\/media?parent=65"}],"curies":[{"name":"wp","href":"https:\/\/api.w.org\/{rel}","templated":true}]}}